{"id":14169,"date":"2024-11-01T15:37:16","date_gmt":"2024-11-01T14:37:16","guid":{"rendered":"https:\/\/pearcode.io\/terms-services\/"},"modified":"2025-04-11T10:42:47","modified_gmt":"2025-04-11T08:42:47","slug":"terms-services","status":"publish","type":"page","link":"https:\/\/pearcode.io\/fr\/terms-services\/","title":{"rendered":"Conditions g\u00e9n\u00e9rales"},"content":{"rendered":"\t\t<div data-elementor-type=\"wp-page\" data-elementor-id=\"14169\" class=\"elementor elementor-14169\" data-elementor-post-type=\"page\">\n\t\t\t\t\t\t<section data-particle_enable=\"false\" data-particle-mobile-disabled=\"false\" class=\"elementor-section elementor-top-section elementor-element elementor-element-e0dd436 elementor-section-boxed elementor-section-height-default elementor-section-height-default\" data-id=\"e0dd436\" data-element_type=\"section\" data-settings=\"{&quot;_ha_eqh_enable&quot;:false}\">\n\t\t\t\t\t\t<div class=\"elementor-container elementor-column-gap-default\">\n\t\t\t\t\t<div class=\"elementor-column elementor-col-100 elementor-top-column elementor-element elementor-element-0869ca2\" data-id=\"0869ca2\" data-element_type=\"column\">\n\t\t\t<div class=\"elementor-widget-wrap elementor-element-populated\">\n\t\t\t\t\t\t<div class=\"elementor-element elementor-element-a1ea3bd txt-home-sol elementor-widget elementor-widget-text-editor\" data-id=\"a1ea3bd\" data-element_type=\"widget\" data-widget_type=\"text-editor.default\">\n\t\t\t\t<div class=\"elementor-widget-container\">\n\t\t\t\t\t\t\tPEARCODE est une SASU Soci\u00e9t\u00e9 par actions simplifi\u00e9e \u00e0 associ\u00e9 unique, au capital de 16.000 euros, dont l&#8217;adresse est le 291 rue Albert Cacquot, 06902 Sophia Antipolis.<br><br>\nCe site a \u00e9t\u00e9 r\u00e9alis\u00e9 par 367ppm, une entreprise de communication plus responsable, qui l&#8217;a produit en int\u00e9grant le respect r\u00e9el de votre vie priv\u00e9e, la minimisation de son impact environnemental, ainsi que son accessibilit\u00e9, par d\u00e9faut dans son d\u00e9veloppement.<br><br>\n<strong>Nous ne collectons aucune information personnelle directe ou indirecte vous concernant sur ce site web lorsque vous le visitez. V\u00e9rifiez-le vous-m\u00eame ici.<\/strong>\n<br><br>\nNous n&#8217;utilisons pas de &#8220;cookies&#8221;, ces petits bouts de code qui nous permettraient d&#8217;identifier des utilisateur\u00b7rices uniques par un identifiant temporaire li\u00e9 \u00e0 un appareil.<br><br>\nNous h\u00e9bergeons notre site web sur Webflow, dont la politique de confidentialit\u00e9 est consultable <a href=\"https:\/\/webflow.com\/legal\/privacy\" target=\"_blank\">ici<\/a>.<br><br>\nCertain\u00b7es d&#8217;entre vous partageront volontairement certaines informations personnelles avec nous lorsque vous nous contacterez. Nous ne louerons ni ne vendrons ces donn\u00e9es volontairement partag\u00e9es \u00e0 des tiers sans votre consentement explicite, sauf si la loi l&#8217;exige. Si nous sommes contraints de partager des donn\u00e9es sur les utilisateur.rices avec les forces de l&#8217;ordre, nous nous efforcerons de les informer.\t\t\t\t\t\t<\/div>\n\t\t\t\t<\/div>\n\t\t\t\t<div class=\"elementor-element elementor-element-0ecc6a8 normal elementor-widget elementor-widget-hub_fancy_heading\" data-id=\"0ecc6a8\" data-element_type=\"widget\" data-widget_type=\"hub_fancy_heading.default\">\n\t\t\t\t<div class=\"elementor-widget-container\">\n\t\t\t\n\t\t<div id=\"ld-fancy-heading-69d7a6be50896\" class=\"ld-fancy-heading pos-rel\">\n\t\t\t<h3 class=\"ld-fh-element d-inline-block pos-rel  elementor-heading-title lqd-highlight-classic lqd-highlight-grow-left h3\"  > S\u00e9curit\u00e9<\/h3>\t\t<\/div>\n\n\t\t\t\t<\/div>\n\t\t\t\t<\/div>\n\t\t\t\t<div class=\"elementor-element elementor-element-13cc541 txt-home-sol elementor-widget elementor-widget-text-editor\" data-id=\"13cc541\" data-element_type=\"widget\" data-widget_type=\"text-editor.default\">\n\t\t\t\t<div class=\"elementor-widget-container\">\n\t\t\t\t\t\t\tNous prenons des mesures raisonnables pour prot\u00e9ger les donn\u00e9es que nous recueillons. Les donn\u00e9es que nous stockons sont crypt\u00e9es. Nous utilisons le protocole HTTPS et activons le protocole SSL 256 bits pour crypter les donn\u00e9es envoy\u00e9es vers et depuis notre site web.<br><br>L&#8217;option Secure Frame Headers est \u00e9galement activ\u00e9e pour prot\u00e9ger notre site contre plusieurs types d&#8217;attaques de clickjacking en limitant l&#8217;endroit o\u00f9 il peut \u00eatre int\u00e9gr\u00e9. Toutefois, bien que nous fassions des efforts sinc\u00e8res pour stocker les informations recueillies dans un environnement s\u00e9curis\u00e9, nous ne pouvons pas garantir une s\u00e9curit\u00e9 totale et les attaques possibles contre les services que nous utilisons.\t\t\t\t\t\t<\/div>\n\t\t\t\t<\/div>\n\t\t\t\t<div class=\"elementor-element elementor-element-cfd6b51 normal elementor-widget elementor-widget-hub_fancy_heading\" data-id=\"cfd6b51\" data-element_type=\"widget\" data-widget_type=\"hub_fancy_heading.default\">\n\t\t\t\t<div class=\"elementor-widget-container\">\n\t\t\t\n\t\t<div id=\"ld-fancy-heading-69d7a6be53c7a\" class=\"ld-fancy-heading pos-rel\">\n\t\t\t<h3 class=\"ld-fh-element d-inline-block pos-rel  elementor-heading-title lqd-highlight-classic lqd-highlight-grow-left h3\"  > Statistiques<\/h3>\t\t<\/div>\n\n\t\t\t\t<\/div>\n\t\t\t\t<\/div>\n\t\t\t\t<div class=\"elementor-element elementor-element-d3138f9 txt-home-sol elementor-widget elementor-widget-text-editor\" data-id=\"d3138f9\" data-element_type=\"widget\" data-widget_type=\"text-editor.default\">\n\t\t\t\t<div class=\"elementor-widget-container\">\n\t\t\t\t\t\t\tNous n&#8217;utilisons pas Google Analytics sur ce site web (pourquoi ici), nous sommes \u00e0 la place ravis d&#8217;utiliser et de soutenir Fathom, une alternative simple, rapide et sans cookies qui s&#8217;efforce de faire les choses plus durablement.<br><br>Fathom n&#8217;utilise pas de cookies et se conforme au RGPD, \u00e0 la directive ePrivacy (y compris PECR), \u00e0 COPPA et au CCPA. Gr\u00e2ce \u00e0 cet outil, votre adresse IP n&#8217;est trait\u00e9e que bri\u00e8vement et nous (qui g\u00e9rons ce site web) n&#8217;avons aucun moyen de vous identifier. Conform\u00e9ment au CCPA, vos informations personnelles sont dites &#8220;d\u00e9personnalis\u00e9es&#8221;.\t\t\t\t\t\t<\/div>\n\t\t\t\t<\/div>\n\t\t\t\t\t<\/div>\n\t\t<\/div>\n\t\t\t\t\t<\/div>\n\t\t<\/section>\n\t\t\t\t<\/div>\n\t\t","protected":false},"excerpt":{"rendered":"<p>PEARCODE est une SASU Soci\u00e9t\u00e9 par actions simplifi\u00e9e \u00e0 associ\u00e9 unique, au capital de 16.000 euros, dont l&#8217;adresse est le 291 rue Albert Cacquot, 06902 Sophia Antipolis. Ce site a \u00e9t\u00e9 r\u00e9alis\u00e9 par 367ppm, une entreprise de communication plus responsable, qui l&#8217;a produit en int\u00e9grant le respect r\u00e9el de votre vie priv\u00e9e, la minimisation de [&hellip;]<\/p>\n","protected":false},"author":1,"featured_media":0,"parent":0,"menu_order":0,"comment_status":"closed","ping_status":"closed","template":"","meta":{"footnotes":"","_links_to":"","_links_to_target":""},"class_list":["post-14169","page","type-page","status-publish","hentry"],"yoast_head":"<!-- This site is optimized with the Yoast SEO Premium plugin v20.3 (Yoast SEO v20.3) - https:\/\/yoast.com\/wordpress\/plugins\/seo\/ -->\n<title>Keep your Data for Eternity<\/title>\n<meta name=\"description\" content=\"Interested in Transforming Your Data Storage?\" \/>\n<meta name=\"robots\" content=\"index, follow, max-snippet:-1, max-image-preview:large, max-video-preview:-1\" \/>\n<link rel=\"canonical\" href=\"https:\/\/pearcode.io\/terms-services\/\" \/>\n<meta property=\"og:locale\" content=\"fr_FR\" \/>\n<meta property=\"og:type\" content=\"article\" \/>\n<meta property=\"og:title\" content=\"Conditions g\u00e9n\u00e9rales\" \/>\n<meta property=\"og:description\" content=\"Interested in Transforming Your Data Storage?\" \/>\n<meta property=\"og:url\" content=\"https:\/\/pearcode.io\/terms-services\/\" \/>\n<meta property=\"og:site_name\" content=\"Pearcode\" \/>\n<meta property=\"article:modified_time\" content=\"2025-04-11T08:42:47+00:00\" \/>\n<meta name=\"twitter:card\" content=\"summary_large_image\" \/>\n<meta name=\"twitter:label1\" content=\"Est. reading time\" \/>\n\t<meta name=\"twitter:data1\" content=\"2 minutes\" \/>\n<script type=\"application\/ld+json\" class=\"yoast-schema-graph\">{\"@context\":\"https:\/\/schema.org\",\"@graph\":[{\"@type\":\"WebPage\",\"@id\":\"https:\/\/pearcode.io\/terms-services\/\",\"url\":\"https:\/\/pearcode.io\/terms-services\/\",\"name\":\"Keep your Data for Eternity\",\"isPartOf\":{\"@id\":\"https:\/\/pearcode.io\/#website\"},\"datePublished\":\"2024-11-01T14:37:16+00:00\",\"dateModified\":\"2025-04-11T08:42:47+00:00\",\"description\":\"Interested in Transforming Your Data Storage?\",\"breadcrumb\":{\"@id\":\"https:\/\/pearcode.io\/terms-services\/#breadcrumb\"},\"inLanguage\":\"fr-FR\",\"potentialAction\":[{\"@type\":\"ReadAction\",\"target\":[\"https:\/\/pearcode.io\/terms-services\/\"]}]},{\"@type\":\"BreadcrumbList\",\"@id\":\"https:\/\/pearcode.io\/terms-services\/#breadcrumb\",\"itemListElement\":[{\"@type\":\"ListItem\",\"position\":1,\"name\":\"Home\",\"item\":\"https:\/\/pearcode.io\/\"},{\"@type\":\"ListItem\",\"position\":2,\"name\":\"Conditions g\u00e9n\u00e9rales\"}]},{\"@type\":\"WebSite\",\"@id\":\"https:\/\/pearcode.io\/#website\",\"url\":\"https:\/\/pearcode.io\/\",\"name\":\"Pearcode\",\"description\":\"Keep your Data for Eternity\",\"alternateName\":\"Keep your Data for Eternity\",\"potentialAction\":[{\"@type\":\"SearchAction\",\"target\":{\"@type\":\"EntryPoint\",\"urlTemplate\":\"https:\/\/pearcode.io\/?s={search_term_string}\"},\"query-input\":\"required name=search_term_string\"}],\"inLanguage\":\"fr-FR\"}]}<\/script>\n<!-- \/ Yoast SEO Premium plugin. -->","yoast_head_json":{"title":"Keep your Data for Eternity","description":"Interested in Transforming Your Data Storage?","robots":{"index":"index","follow":"follow","max-snippet":"max-snippet:-1","max-image-preview":"max-image-preview:large","max-video-preview":"max-video-preview:-1"},"canonical":"https:\/\/pearcode.io\/terms-services\/","og_locale":"fr_FR","og_type":"article","og_title":"Conditions g\u00e9n\u00e9rales","og_description":"Interested in Transforming Your Data Storage?","og_url":"https:\/\/pearcode.io\/terms-services\/","og_site_name":"Pearcode","article_modified_time":"2025-04-11T08:42:47+00:00","twitter_card":"summary_large_image","twitter_misc":{"Est. reading time":"2 minutes"},"schema":{"@context":"https:\/\/schema.org","@graph":[{"@type":"WebPage","@id":"https:\/\/pearcode.io\/terms-services\/","url":"https:\/\/pearcode.io\/terms-services\/","name":"Keep your Data for Eternity","isPartOf":{"@id":"https:\/\/pearcode.io\/#website"},"datePublished":"2024-11-01T14:37:16+00:00","dateModified":"2025-04-11T08:42:47+00:00","description":"Interested in Transforming Your Data Storage?","breadcrumb":{"@id":"https:\/\/pearcode.io\/terms-services\/#breadcrumb"},"inLanguage":"fr-FR","potentialAction":[{"@type":"ReadAction","target":["https:\/\/pearcode.io\/terms-services\/"]}]},{"@type":"BreadcrumbList","@id":"https:\/\/pearcode.io\/terms-services\/#breadcrumb","itemListElement":[{"@type":"ListItem","position":1,"name":"Home","item":"https:\/\/pearcode.io\/"},{"@type":"ListItem","position":2,"name":"Conditions g\u00e9n\u00e9rales"}]},{"@type":"WebSite","@id":"https:\/\/pearcode.io\/#website","url":"https:\/\/pearcode.io\/","name":"Pearcode","description":"Keep your Data for Eternity","alternateName":"Keep your Data for Eternity","potentialAction":[{"@type":"SearchAction","target":{"@type":"EntryPoint","urlTemplate":"https:\/\/pearcode.io\/?s={search_term_string}"},"query-input":"required name=search_term_string"}],"inLanguage":"fr-FR"}]}},"_links":{"self":[{"href":"https:\/\/pearcode.io\/fr\/wp-json\/wp\/v2\/pages\/14169","targetHints":{"allow":["GET"]}}],"collection":[{"href":"https:\/\/pearcode.io\/fr\/wp-json\/wp\/v2\/pages"}],"about":[{"href":"https:\/\/pearcode.io\/fr\/wp-json\/wp\/v2\/types\/page"}],"author":[{"embeddable":true,"href":"https:\/\/pearcode.io\/fr\/wp-json\/wp\/v2\/users\/1"}],"replies":[{"embeddable":true,"href":"https:\/\/pearcode.io\/fr\/wp-json\/wp\/v2\/comments?post=14169"}],"version-history":[{"count":0,"href":"https:\/\/pearcode.io\/fr\/wp-json\/wp\/v2\/pages\/14169\/revisions"}],"wp:attachment":[{"href":"https:\/\/pearcode.io\/fr\/wp-json\/wp\/v2\/media?parent=14169"}],"curies":[{"name":"wp","href":"https:\/\/api.w.org\/{rel}","templated":true}]}}